{"id":2755,"date":"2014-05-12T13:59:45","date_gmt":"2014-05-12T11:59:45","guid":{"rendered":"https:\/\/ruscube.tholance.fr\/connection-area\/"},"modified":"2025-03-09T00:02:40","modified_gmt":"2025-03-08T23:02:40","slug":"connection-area","status":"publish","type":"page","link":"https:\/\/ruscube.org\/en\/connection-area\/","title":{"rendered":"Connection Area"},"content":{"rendered":"\n<p class=\"has-text-align-center\"><strong>You must be logged in to view most of our association-related content.<\/strong><\/p>\n\n<p class=\"has-text-align-center\"><strong>If you already have an account, log in using the form on the right. If you are not yet a member of the association, please fill in the form on the left.<\/strong><\/p>\n\n<hr class=\"wp-block-separator has-text-color has-alpha-channel-opacity has-background is-style-wide\" style=\"background-color:#e9e9e9;color:#e9e9e9\"\/>\n\n<div class=\"wp-block-columns container-connexion is-layout-flex wp-container-3\">\n<div class=\"wp-block-column cc-left is-layout-flow\" style=\"flex-basis:66.66%\">\n<h2 class=\"wp-block-heading\">I subscribe<\/h2>\n\n\n\n<p>Would you like to discuss and receive information on Pierre Fabre employee shareholding?<\/p>\n\n\n\n<p>Complete and validate the form below.<\/p>\n\n\n\n<p>To confirm your membership, please send your <strong>one-off lifetime membership fee<\/strong> of <strong>\u20ac10 by cheque<\/strong> made payable to <strong>Ruscube<\/strong>, specifying on the back of the cheque your <strong>full name and e-mail address<\/strong>, to be sent to the following address:<\/p>\n\n\n\n<blockquote class=\"wp-block-quote\">\n<p><strong><mark style=\"background-color:rgba(0, 0, 0, 0);color:#00507e\" class=\"has-inline-color\">Laboratoires Pierre Fabre<br\/>Direction R&amp;D (att. Claire Meunier)<br\/>Centre de Recherche et D\u00e9veloppement<br\/>3, avenue Hubert Curien &#8211; BP 13652<br\/>31035 TOULOUSE Cedex 1<\/mark><\/strong><\/p>\n<\/blockquote>\n\n\n\n<p>Your account will be activated by the association on receipt of your payment.<br\/>You will then receive a confirmation message.<\/p>\n\n\n<div class=\"pc_aligned_form pc_falign_center\"><form id=\"pc_rf_69d26ce5d6c17\" class=\"pvtcont_form pc_registration_form pc_one_col_form pc_onlymail_reg\"   data-form-pag=\"1\" data-form-id=\"LTQ4MjQ=\"><fieldset class=\"pc_form_flist pc_f_pag_1  \"><section class=\"pc_form_txt_block pc_fullw_field pc_ftb_0\" data-fname=\"custom|||text|||1655987715301\"><div class=\"form-text\"><div class=\"ft-fr\">Vos informations :<\/div><div class=\"ft-en\">Your informations:<\/div><\/div><\/section>                    <section class=\"pc_form_field pc_text_ftype pc_f_surname pc_field_w_icon\" data-fname=\"surname\">                        <label>Surname <sup class=\"pc_req_field\">&#10033;<\/sup><\/label>                        <div class=\"pc_field_container\">                            <span class=\"pc_field_icon\" title=\"Surname\"><i class=\"fas fa-user\"><\/i><\/span>                            <input type=\"text\" name=\"surname\" value=\"\" maxlength=\"150\" required=\"required\"  autocomplete=\"off\"  \/>                        <\/div>                    <\/section>                    <section class=\"pc_form_field pc_text_ftype pc_f_name pc_field_w_icon\" data-fname=\"name\">                        <label>Name <sup class=\"pc_req_field\">&#10033;<\/sup><\/label>                        <div class=\"pc_field_container\">                            <span class=\"pc_field_icon\" title=\"Name\"><i class=\"fas fa-user\"><\/i><\/span>                            <input type=\"text\" name=\"name\" value=\"\" maxlength=\"150\" required=\"required\"  autocomplete=\"off\"  \/>                        <\/div>                    <\/section>                    <section class=\"pc_form_field pc_text_ftype pc_f_birthdate pc_eu_date_subtype\" data-fname=\"birthdate\">                        <label>Date de naissance <sup class=\"pc_req_field\">&#10033;<\/sup><\/label>                        <div class=\"pc_field_container\">                                                        <input type=\"date\" name=\"birthdate\" value=\"\" maxlength=\"255\" required=\"required\"  autocomplete=\"off\"  \/>                        <\/div>                    <\/section>                    <section class=\"pc_form_field pc_text_ftype pc_f_email pc_email_subtype pc_field_w_icon\" data-fname=\"email\">                        <label>E-Mail <sup class=\"pc_req_field\">&#10033;<\/sup><\/label>                        <div class=\"pc_field_container\">                            <span class=\"pc_field_icon\" title=\"E-Mail\"><i class=\"fas fa-at\"><\/i><\/span>                            <input type=\"email\" name=\"email\" value=\"\" maxlength=\"255\" required=\"required\"  autocomplete=\"off\"  \/>                        <\/div>                    <\/section>                    <section class=\"pc_form_field pc_text_ftype pc_f_username pc_field_w_icon\" data-fname=\"username\">                        <label>Username <sup class=\"pc_req_field\">&#10033;<\/sup><\/label>                        <div class=\"pc_field_container\">                            <span class=\"pc_field_icon\" title=\"Username\"><i class=\"fas fa-user\"><\/i><\/span>                            <input type=\"text\" name=\"username\" value=\"\" maxlength=\"150\" required=\"required\"  autocomplete=\"off\"  \/>                        <\/div>                    <\/section>                    <section class=\"pc_form_field pc_password_ftype pc_f_psw pc_field_w_icon\" data-fname=\"psw\">                        <label>                            Password <sup class=\"pc_req_field\">&#10033;<\/sup>                                                    <\/label>                        <div class=\"pc_field_container\">                            <span class=\"pc_field_icon\" title=\"Password\"><i class=\"fas fa-key\"><\/i><\/span>                            <input type=\"password\" name=\"psw\" placeholder=\"Password\" value=\"\" minlength=\"6\" maxlength=\"50\" autocomplete=\"new-password\" required=\"required\" \/>                                                    <\/div>                    <\/section>                        <section class=\"pc_form_field pc_password_ftype pc_f_psw pc_field_w_icon pc_psw_confirm pc_field_w_icon\" data-fname=\"psw\">                            <label>Repeat password <sup class=\"pc_req_field\">&#10033;<\/sup><\/label>                            <div class=\"pc_field_container\">                                <span class=\"pc_field_icon\" title=\"Repeat password\"><i class=\" fas fa-redo\"><\/i><\/span>                                <input type=\"password\" name=\"check_psw\" value=\"\" minlength=\"6\" maxlength=\"50\" autocomplete=\"new-password\" required=\"required\" placeholder=\"Confirmer le mot de passe\" \/>                            <\/div>                        <\/section>                    <section class=\"pc_form_field pc_text_ftype pc_f_tel pc_field_w_icon\" data-fname=\"tel\">                        <label>Telephone <sup class=\"pc_req_field\">&#10033;<\/sup><\/label>                        <div class=\"pc_field_container\">                            <span class=\"pc_field_icon\" title=\"Telephone\"><i class=\"fas fa-phone-alt\"><\/i><\/span>                            <input type=\"text\" name=\"tel\" value=\"\" maxlength=\"20\" required=\"required\"  autocomplete=\"off\"  \/>                        <\/div>                    <\/section>                    <section class=\"pc_form_field pc_text_ftype pc_f_address\" data-fname=\"address\">                        <label>Adresse postale <sup class=\"pc_req_field\">&#10033;<\/sup><\/label>                        <div class=\"pc_field_container\">                                                        <input type=\"text\" name=\"address\" value=\"\" maxlength=\"255\" required=\"required\"  autocomplete=\"off\"  \/>                        <\/div>                    <\/section>                    <section class=\"pc_form_field pc_text_ftype pc_f_cp pc_zipcode_subtype\" data-fname=\"cp\">                        <label>Code postal <sup class=\"pc_req_field\">&#10033;<\/sup><\/label>                        <div class=\"pc_field_container\">                                                        <input type=\"number\" name=\"cp\" value=\"\" maxlength=\"255\" required=\"required\" pattern=\"[0-9]{5}\"  autocomplete=\"off\"  \/>                        <\/div>                    <\/section>                    <section class=\"pc_form_field pc_text_ftype pc_f_city\" data-fname=\"city\">                        <label>Ville <sup class=\"pc_req_field\">&#10033;<\/sup><\/label>                        <div class=\"pc_field_container\">                                                        <input type=\"text\" name=\"city\" value=\"\" maxlength=\"255\" required=\"required\"  autocomplete=\"off\"  \/>                        <\/div>                    <\/section><section class=\"pc_form_txt_block pc_fullw_field pc_ftb_1\" data-fname=\"custom|||text|||1655987293502\"><div class=\"form-text\"><hr style=\"margin: 10px 0 20px 0;\"><div class=\"ft-fr\">Afin de compl\u00e9ter mon inscription, je certifie sur l&#8217;honneur que :<\/div><div class=\"ft-en\">In order to complete my registration, I hereby certify that:<\/div><\/div><\/section>                        <section class=\"pc_form_field pc_single_checkbox_ftype pc_f_adhesion pc_single_check\" data-fname=\"adhesion\">                            <input type=\"checkbox\" name=\"adhesion\" value=\"1\"  required=\"required\" autocomplete=\"off\" \/>                            <label>Je souhaite adh\u00e9rer \u00e0 Ruscube <sup class=\"pc_req_field\">&#10033;<\/sup><\/label>                        <\/section>                        <section class=\"pc_form_field pc_single_checkbox_ftype pc_f_salarie pc_single_check\" data-fname=\"salarie\">                            <input type=\"checkbox\" name=\"salarie\" value=\"1\"  required=\"required\" autocomplete=\"off\" \/>                            <label>Je suis salari\u00e9, ancien salari\u00e9 ou retrait\u00e9 Pierre Fabre <sup class=\"pc_req_field\">&#10033;<\/sup><\/label>                        <\/section>                        <section class=\"pc_form_field pc_single_checkbox_ftype pc_f_actionnaire pc_single_check\" data-fname=\"actionnaire\">                            <input type=\"checkbox\" name=\"actionnaire\" value=\"1\"  required=\"required\" autocomplete=\"off\" \/>                            <label>Je suis actionnaire ou futur actionnaire** <sup class=\"pc_req_field\">&#10033;<\/sup><\/label>                        <\/section><section class=\"pc_form_txt_block pc_fullw_field pc_ftb_2\" data-fname=\"custom|||text|||1655822669024\"><div class=\"form-text\"><small class=\"ft-fr\">** : Je d\u00e9tiens directement ou indirectement par l\u2019interm\u00e9diaire du FCPE Actionnariat PIERRE FABRE au moins une action de la soci\u00e9t\u00e9 PIERRE FABRE S.A ou PIERRE FABRE FINANCES INTERNATIONAL ou m\u2019engage sur l\u2019honneur \u00e0 me porter acqu\u00e9reur d\u2019au moins une action.<\/small><small class=\"ft-en\">**: I directly or indirectly hold through the FCPE Actionnariat PIERRE FABRE at least one share of the company PIERRE FABRE S.A or PIERRE FABRE FINANCES INTERNATIONAL or undertake on my honor to acquire at least one share.<\/small><\/div><\/section><section class=\"pc_form_txt_block pc_fullw_field pc_ftb_3\" data-fname=\"custom|||text|||1655987958310\"><hr style=\"margin: 5px 0 8px 0;\"><\/section>                        <section class=\"pc_form_field pc_single_checkbox_ftype pc_f_rgpd pc_single_check\" data-fname=\"rgpd\">                            <input type=\"checkbox\" name=\"rgpd\" value=\"1\"  required=\"required\" autocomplete=\"off\" \/>                            <label>En cochant cette case, vous acceptez que nous conservions vos donn\u00e9es \u00e0 des fins d&#8217;indentification et de suivi de votre adh\u00e9sion, dans le cadre de la RGPD. <sup class=\"pc_req_field\">&#10033;<\/sup><\/label>                        <\/section>                        <section class=\"pc_form_field pc_single_checkbox_ftype pc_f_newsletter pc_single_check\" data-fname=\"newsletter\">                            <input type=\"checkbox\" name=\"newsletter\" value=\"1\"  required=\"required\" autocomplete=\"off\" \/>                            <label>Je souhaite m&#8217;abonner \u00e0 la lettre d&#8217;information Ruscube (envoi par mail trimestriel) pour \u00eatre tenu au courant des principales\/derni\u00e8res actualit\u00e9s importantes. <sup class=\"pc_req_field\">&#10033;<\/sup><\/label>                        <\/section><div class=\"pc_hnpt_code\"><label for=\"pc_hnpt_1\">Antispam 1<\/label><input type=\"text\" name=\"pc_hnpt_1\" value=\"\" autocomplete=\"off\" \/><label for=\"pc_hnpt_2\">Antispam 2<\/label><input type=\"text\" name=\"pc_hnpt_2\" value=\"114\" autocomplete=\"off\" \/><label for=\"pc_hnpt_3\">Antispam 3<\/label><input type=\"text\" name=\"pc_hnpt_3\" value=\"a3bc731f972ba97cf38d730dcfc29102\" autocomplete=\"off\" \/><\/div><\/fieldset>        <script type='text\/javascript'>        (function() {            'use strict';              document.addEventListener('DOMContentLoaded', function() {                if(typeof(pcud_vars) == 'undefined') {                    return false;                    }                    pcud_vars.form_cond['LTQ4MjQ='] = JSON.parse(`{\"custom|||text|||1655987715301\":0,\"surname\":0,\"name\":0,\"birthdate\":0,\"email\":0,\"username\":0,\"psw\":0,\"tel\":0,\"address\":0,\"cp\":0,\"city\":0,\"custom|||text|||1655987293502\":0,\"adhesion\":0,\"salarie\":0,\"actionnaire\":0,\"custom|||text|||1655822669024\":0,\"custom|||text|||1655987958310\":0,\"rgpd\":0,\"newsletter\":0}`);            });        })();            <\/script><div class=\"pc_form_response pc_reg_message\"><\/div><button class=\"pc_reg_btn  \" type=\"button\">                <span class=\"pc_inner_btn\"><i class=\"fas fa-sign-in-alt\"><\/i>Submit<\/span>            <\/button><\/form><\/div><\/div>\n\n\n\n<div class=\"wp-block-column cc-right is-layout-flow\" style=\"flex-basis:33.33%\">\n<h2 class=\"wp-block-heading\">I am already a member<\/h2>\n\n\n\n<p>Please log in to your account in order to view all the information on the site.<\/p>\n\n\n<div class=\"pc_aligned_form pc_falign_center\"><form class=\"pc_login_form pc_rm_login  \" ><div class=\"pc_login_row pc_field_w_icon\"><label for=\"pc_auth_username\">Username<\/label><div class=\"pc_field_container\"><span class=\"pc_field_icon\" title=\"Username\"><i class=\"fas fa-user\"><\/i><\/span><input type=\"text\" name=\"pc_auth_username\" value=\"\"  autocapitalize=\"off\" autocomplete=\"off\" autocorrect=\"off\" aria-label=\"Username\" maxlength=\"150\" \/><\/div><\/div><div class=\"pc_login_row pc_field_w_icon\"><label for=\"pc_auth_psw\">Password<\/label><div class=\"pc_field_container\"><span class=\"pc_field_icon\" title=\"Password\"><i class=\"fas fa-key\"><\/i><\/span><input type=\"password\" name=\"pc_auth_psw\" value=\"\"  autocapitalize=\"off\" autocomplete=\"off\" autocorrect=\"off\" aria-label=\"Password\" \/><\/div><\/div><div class=\"pc_hnpt_code\"><label for=\"pc_hnpt_1\">Antispam 1<\/label><input type=\"text\" name=\"pc_hnpt_1\" value=\"\" autocomplete=\"off\" \/><label for=\"pc_hnpt_2\">Antispam 2<\/label><input type=\"text\" name=\"pc_hnpt_2\" value=\"42\" autocomplete=\"off\" \/><label for=\"pc_hnpt_3\">Antispam 3<\/label><input type=\"text\" name=\"pc_hnpt_3\" value=\"0d6b3c313a2178a581ff82e3e3b9c2df\" autocomplete=\"off\" \/><\/div><div id=\"pc_auth_message\"><\/div><div class=\"pc_login_smalls\"><div class=\"pc_login_remember_me\"><input type=\"checkbox\" name=\"pc_remember_me\" value=\"1\" autocomplete=\"off\" aria-label=\"remember me\" \/><small>remember me<\/small><\/div><small class=\"pcma_psw_recovery_trigger\">forgot password?<\/small><\/div><button class=\"pc_auth_btn\" type=\"button\">            <span class=\"pc_inner_btn\"><i class=\"fas fa-sign-in-alt\"><\/i>Login<\/span>        <\/button>        <div class=\"pcma_psw_recovery_wrap pc_displaynone\">            <div class=\"pc_login_row \">                <label>Insert your username or e-mail<\/label>                <div class=\"pc_field_container\">                                        <input type=\"text\" name=\"pcma_psw_username\" class=\"pcma_psw_username\" value=\"\"  autocomplete=\"off\" \/>                <\/div>            <\/div>            <div class=\"pcma_psw_recovery_message\"><\/div>            <div class=\"pc_login_smalls\">                <small class=\"pcma_del_recovery\">Back to login form<\/small>            <\/div>            <button class=\"pcma_do_recovery\" type=\"button\">                <span class=\"pc_inner_btn\">Recover<\/span>            <\/button>        <\/div><\/form><script type=\"text\/javascript\">    (function() {         \"use strict\";            const intval = setInterval(() => {            if(typeof(jQuery) == \"undefined\" || typeof(pc_login_smalls_display_check) == \"undefined\") {                return true;            }            else {                clearTimeout(intval);                const $ = jQuery;                    $(document).ready(function() {                    pc_login_smalls_display_check();                    pc_lf_labels_h_check();                });            }        }, 50);    })();<\/script><\/div>\n\n\n\n<figure class=\"wp-block-image size-large\"><img decoding=\"async\" loading=\"lazy\" width=\"1024\" height=\"1024\" src=\"https:\/\/ruscube.org\/wp-content\/uploads\/2022\/06\/Login-bro-1024x1024.png\" alt=\"\" class=\"wp-image-2481\" srcset=\"https:\/\/ruscube.org\/wp-content\/uploads\/2022\/06\/Login-bro-1024x1024.png 1024w, https:\/\/ruscube.org\/wp-content\/uploads\/2022\/06\/Login-bro-300x300.png 300w, https:\/\/ruscube.org\/wp-content\/uploads\/2022\/06\/Login-bro-150x150.png 150w, https:\/\/ruscube.org\/wp-content\/uploads\/2022\/06\/Login-bro-768x768.png 768w, https:\/\/ruscube.org\/wp-content\/uploads\/2022\/06\/Login-bro-1536x1536.png 1536w, https:\/\/ruscube.org\/wp-content\/uploads\/2022\/06\/Login-bro.png 2000w\" sizes=\"(max-width: 1024px) 100vw, 1024px\" \/><\/figure>\n<\/div>\n<\/div>\n","protected":false},"excerpt":{"rendered":"<p>You must be logged in to view most of our association-related content. If you already have an account, log in using the form on the right. If you are not&hellip;<\/p>\n","protected":false},"author":2,"featured_media":0,"parent":0,"menu_order":0,"comment_status":"closed","ping_status":"closed","template":"","meta":[],"_links":{"self":[{"href":"https:\/\/ruscube.org\/en\/wp-json\/wp\/v2\/pages\/2755"}],"collection":[{"href":"https:\/\/ruscube.org\/en\/wp-json\/wp\/v2\/pages"}],"about":[{"href":"https:\/\/ruscube.org\/en\/wp-json\/wp\/v2\/types\/page"}],"author":[{"embeddable":true,"href":"https:\/\/ruscube.org\/en\/wp-json\/wp\/v2\/users\/2"}],"replies":[{"embeddable":true,"href":"https:\/\/ruscube.org\/en\/wp-json\/wp\/v2\/comments?post=2755"}],"version-history":[{"count":9,"href":"https:\/\/ruscube.org\/en\/wp-json\/wp\/v2\/pages\/2755\/revisions"}],"predecessor-version":[{"id":4061,"href":"https:\/\/ruscube.org\/en\/wp-json\/wp\/v2\/pages\/2755\/revisions\/4061"}],"wp:attachment":[{"href":"https:\/\/ruscube.org\/en\/wp-json\/wp\/v2\/media?parent=2755"}],"curies":[{"name":"wp","href":"https:\/\/api.w.org\/{rel}","templated":true}]}}