{"id":2690,"date":"2016-11-30T18:25:16","date_gmt":"2016-11-30T17:25:16","guid":{"rendered":"https:\/\/ruscube.tholance.fr\/home\/"},"modified":"2026-02-13T04:20:22","modified_gmt":"2026-02-13T03:20:22","slug":"home","status":"publish","type":"page","link":"https:\/\/ruscube.org\/en\/","title":{"rendered":"Home"},"content":{"rendered":"\n<div class=\"wp-block-columns is-layout-flex wp-container-13\">\n<div class=\"wp-block-column is-layout-flow\" style=\"flex-basis:100%\">\n<div class=\"wp-block-columns is-layout-flex wp-container-11\" id=\"home-cards\">\n<div class=\"wp-block-column is-vertically-aligned-center is-layout-flow\">\n<div class=\"wp-block-group has-background is-layout-flow\" style=\"background-color:#38ab32\"><div class=\"wp-block-group__inner-container\"><div\n\t\t\t\n\t\t\tclass=\"so-widget-sow-icon so-widget-sow-icon-default-608a63ba3222\"\n\t\t\t\n\t\t>\n<div class=\"sow-icon-container sow-icon\">\n\t\t\t<span class=\"sow-icon-fontawesome sow-far\" data-sow-icon=\"&#xf058;\"\n\t\t \n\t\taria-hidden=\"true\"><\/span>\t<\/div>\n<\/div>\n\n\n<h2 class=\"wp-block-heading has-text-align-center has-white-color has-text-color\">Connection Area <\/h2>\n\n\n\n<p class=\"has-text-align-center has-white-color has-text-color\">Joining Ruscube means accessing information on employee share ownership.<\/p>\n\n\n\n<div id=\"home-connect\" class=\"wp-block-group is-layout-flow\"><div class=\"wp-block-group__inner-container\">\n<div class=\"wp-block-group si-btn btn-large is-nowrap is-layout-flex wp-container-1\">\n<p class=\"has-text-align-center\">Connection<\/p>\n<\/div>\n<\/div><\/div>\n\n\n\n<div style=\"height:20px\" aria-hidden=\"true\" class=\"wp-block-spacer\"><\/div>\n<\/div><\/div>\n<\/div>\n\n\n\n<div class=\"wp-block-column is-vertically-aligned-top is-layout-flow\">\n<div class=\"wp-block-group has-background is-layout-flow\" style=\"background-color:#effbc6\"><div class=\"wp-block-group__inner-container\">\n<h2 class=\"wp-block-heading has-text-align-center\">Newsflash<\/h2>\n\n\n\n<h3 class=\"wp-block-heading has-text-align-center has-vivid-red-color has-text-color\">The period for voluntary contributions in January 2026 has been postponed.<\/h3>\n\n\n\n<p><a href=\"https:\/\/ruscube.org\/en\/2026\/01\/30\/postponement-of-voluntary-payments\/\">Look at the post&#8230;<\/a><\/p>\n<\/div><\/div>\n<\/div>\n\n\n\n<div class=\"wp-block-column is-layout-flow\">\n<div class=\"wp-block-columns is-layout-flex wp-container-9\">\n<div class=\"wp-block-column is-layout-flow\">\n<div class=\"wp-block-group has-background is-layout-flow\" style=\"background-color:#fafafa\"><div class=\"wp-block-group__inner-container\">\n<h2 class=\"wp-block-heading has-text-align-center\">Liens utiles<\/h2>\n\n\n\n<p><a href=\"https:\/\/ruscube.org\/le-mot-de-monsieur-pierre-fabre\/\" data-type=\"URL\" data-id=\"https:\/\/ruscube.org\/le-mot-de-monsieur-pierre-fabre\/\">Le mot de M. Pierre Fabre<\/a><\/p>\n\n\n\n<p><a href=\"https:\/\/www.pierre-fabre.com\/fr-fr\/newsroom\">Actualit\u00e9s Pierre Fabre<\/a><\/p>\n\n\n\n<p><a href=\"https:\/\/ruscube.org\/contacter-les-animateurs-ruscus\/\">Responsable RUSCUS P.F.<\/a><\/p>\n\n\n\n<p><a href=\"https:\/\/monepargne.ere.bnpparibas\/\" target=\"_blank\" rel=\"noreferrer noopener\">BNP Paribas Mon Epargne Entreprise<\/a><\/p>\n\n\n\n<p><a href=\"http:\/\/ruscube.org\/contactez-nous\/\" data-type=\"URL\" data-id=\"http:\/\/ruscube.org\/contactez-nous\/\">Une question ?<\/a><\/p>\n\n\n\n<p><a href=\"https:\/\/www.fas.asso.fr\/\" data-type=\"URL\" data-id=\"https:\/\/www.fas.asso.fr\/\" target=\"_blank\" rel=\"noreferrer noopener\">FAS (F\u00e9d\u00e9ration Fran\u00e7aise des Associations d&#8217;Actionnaires Salari\u00e9s et Anciens Salari\u00e9s)<\/a><\/p>\n\n\n\n<p><a rel=\"noreferrer noopener\" href=\"https:\/\/www.efesonline.org\/\" data-type=\"URL\" data-id=\"http:\/\/www.efesonline.org\/serv01.htm&quot;\" target=\"_blank\">FEAS (F\u00e9d\u00e9ration Europ\u00e9enne de l&#8217;Actionnariat Salari\u00e9)<\/a><\/p>\n<\/div><\/div>\n<\/div>\n<\/div>\n<\/div>\n<\/div>\n<\/div>\n<\/div>\n\n<hr class=\"wp-block-separator has-text-color has-alpha-channel-opacity has-background is-style-wide\" style=\"background-color:#e9e9e9;color:#e9e9e9\" \/>\n\n<div class=\"wp-block-columns is-layout-flex wp-container-16\">\n<div class=\"wp-block-column is-vertically-aligned-center is-layout-flow\" style=\"flex-basis:33.33%\"><div class=\"wp-block-image is-style-rounded\">\n<figure class=\"alignright size-thumbnail\"><img decoding=\"async\" loading=\"lazy\" width=\"150\" height=\"150\" src=\"https:\/\/ruscube.org\/wp-content\/uploads\/2021\/06\/meunier-150x150.png\" alt=\"\" class=\"wp-image-1979\" \/><\/figure><\/div><\/div>\n\n\n\n<div class=\"wp-block-column is-layout-flow\" style=\"flex-basis:66.66%\">\n<h2 class=\"wp-block-heading\">The word of the president of the association<\/h2>\n\n\n\n<p><em>Dear RUSCUS shareholders,<\/em><\/p>\n\n\n\n<p><em>After 19 years of mobilization, more than 6,818 employee shareholders represent 9.91% of the capital, alongside our foundation, the majority shareholder, thus bringing us closer to the 10% target set by Mr. Pierre Fabre.<\/em><\/p>\n\n\n\n<p><em>This result, rewarded several times by the <a href=\"https:\/\/www.fas.asso.fr\/\">FAS<\/a>, constitutes<strong>one of the greatest successes of French employee share ownership <\/strong>, which, I am sure, corresponds to the expectations of Mr. Pierre Fabre.<\/em><\/p>\n\n\n\n<p><em>Like all the large companies that are members of the <a href=\"https:\/\/www.fas.asso.fr\/\">FAS<\/a> (F\u00e9d\u00e9ration des actionnaires salari\u00e9s et anciens salari\u00e9s) to which we belong, several years ago we created an association that complements this system.<\/em><\/p>\n\n\n\n<p><em>This association allows us, in complete independence, to be a regular feature between employees and former employees, whether they are in France or abroad.<\/em><\/p>\n\n\n\n<p><em>Our objective is to regularly inform our members about the Ruscus plan, tax, legal and economic news, but also to be able to organize contacts with our leaders and recognized experts in this field.<\/em><\/p>\n\n\n\n<p class=\"has-text-align-left\"><em>Join us, together we will be stronger!<\/em><\/p>\n\n\n\n<p class=\"has-text-align-left\"><strong>Claire MEUNIER<\/strong><\/p>\n<\/div>\n<\/div>\n\n<h2 class=\"wp-block-heading\"><strong><br \/><\/strong><\/h2>\n","protected":false},"excerpt":{"rendered":"<p>Connection Area Joining Ruscube means accessing information on employee share ownership. Connection Newsflash The period for voluntary contributions in January 2026 has been postponed. Look at the post&#8230; The word&hellip;<\/p>\n","protected":false},"author":2,"featured_media":0,"parent":0,"menu_order":0,"comment_status":"closed","ping_status":"closed","template":"","meta":[],"_links":{"self":[{"href":"https:\/\/ruscube.org\/en\/wp-json\/wp\/v2\/pages\/2690"}],"collection":[{"href":"https:\/\/ruscube.org\/en\/wp-json\/wp\/v2\/pages"}],"about":[{"href":"https:\/\/ruscube.org\/en\/wp-json\/wp\/v2\/types\/page"}],"author":[{"embeddable":true,"href":"https:\/\/ruscube.org\/en\/wp-json\/wp\/v2\/users\/2"}],"replies":[{"embeddable":true,"href":"https:\/\/ruscube.org\/en\/wp-json\/wp\/v2\/comments?post=2690"}],"version-history":[{"count":23,"href":"https:\/\/ruscube.org\/en\/wp-json\/wp\/v2\/pages\/2690\/revisions"}],"predecessor-version":[{"id":4333,"href":"https:\/\/ruscube.org\/en\/wp-json\/wp\/v2\/pages\/2690\/revisions\/4333"}],"wp:attachment":[{"href":"https:\/\/ruscube.org\/en\/wp-json\/wp\/v2\/media?parent=2690"}],"curies":[{"name":"wp","href":"https:\/\/api.w.org\/{rel}","templated":true}]}}